{"id":584,"date":"2019-07-03T12:53:03","date_gmt":"2019-07-03T12:53:03","guid":{"rendered":"https:\/\/auranda.ee\/meie-ettevottest\/"},"modified":"2025-12-07T19:58:26","modified_gmt":"2025-12-07T19:58:26","slug":"meie-ettevottest","status":"publish","type":"page","link":"https:\/\/auranda.ee\/et\/meie-ettevottest\/","title":{"rendered":"MEIST"},"content":{"rendered":"\t\t<div data-elementor-type=\"wp-page\" data-elementor-id=\"584\" class=\"elementor elementor-584 elementor-7\">\n\t\t\t\t\t\t<section class=\"elementor-section elementor-top-section elementor-element elementor-element-bfdd454 elementor-section-stretched elementor-section-boxed elementor-section-height-default elementor-section-height-default\" data-id=\"bfdd454\" data-element_type=\"section\" data-e-type=\"section\" data-settings=\"{&quot;stretch_section&quot;:&quot;section-stretched&quot;,&quot;background_background&quot;:&quot;classic&quot;}\">\n\t\t\t\t\t\t<div class=\"elementor-container elementor-column-gap-wider\">\n\t\t\t\t\t<div class=\"elementor-column elementor-col-100 elementor-top-column elementor-element elementor-element-002fafb\" data-id=\"002fafb\" data-element_type=\"column\" data-e-type=\"column\">\n\t\t\t<div class=\"elementor-widget-wrap elementor-element-populated\">\n\t\t\t\t\t\t<section class=\"elementor-section elementor-inner-section elementor-element elementor-element-cc0812e elementor-section-content-top elementor-section-boxed elementor-section-height-default elementor-section-height-default\" data-id=\"cc0812e\" data-element_type=\"section\" data-e-type=\"section\">\n\t\t\t\t\t\t<div class=\"elementor-container elementor-column-gap-no\">\n\t\t\t\t\t<div class=\"elementor-column elementor-col-50 elementor-inner-column elementor-element elementor-element-2659d9d\" data-id=\"2659d9d\" data-element_type=\"column\" data-e-type=\"column\" data-settings=\"{&quot;background_background&quot;:&quot;classic&quot;}\">\n\t\t\t<div class=\"elementor-widget-wrap elementor-element-populated\">\n\t\t\t\t\t\t<div class=\"elementor-element elementor-element-c629acb elementor-widget__width-initial elementor-widget elementor-widget-text-editor\" data-id=\"c629acb\" data-element_type=\"widget\" data-e-type=\"widget\" data-widget_type=\"text-editor.default\">\n\t\t\t\t\t\t\t\t\t<h3>Auranda Center: usaldusv\u00e4\u00e4rne \u00fclemaailmne laevade varustamise partner.<\/h3>\t\t\t\t\t\t\t\t<\/div>\n\t\t\t\t<div class=\"elementor-element elementor-element-e54181d elementor-widget elementor-widget-text-editor\" data-id=\"e54181d\" data-element_type=\"widget\" data-e-type=\"widget\" data-widget_type=\"text-editor.default\">\n\t\t\t\t\t\t\t\t\tAuranda Center pakub laevanduse jaoks terviklikke lahendusi, alates kaitseriietusest ja ohutusvarustusest kuni h\u00e4davajalike hooldust\u00f6\u00f6riistadeni. T\u00e4nu \u00fclemaailmsele logistika v\u00f5rgustikule ja kogenud ekspertide meeskonnale tagame kiire ja usaldusv\u00e4\u00e4rse tarnimise igasse sadamasse. Meie p\u00fchendumus kvaliteedile ja kliendirahulolule motiveerib meid \u00fcletama ootusi.\nKeskendudes pikaajalistele partnerlustele, pakume kohandatud tuge, et teie laevad oleksid alati varustatud, turvalised ja valmis igaks reisiks.\t\t\t\t\t\t\t\t<\/div>\n\t\t\t\t\t<\/div>\n\t\t<\/div>\n\t\t\t\t<div class=\"elementor-column elementor-col-50 elementor-inner-column elementor-element elementor-element-905964f\" data-id=\"905964f\" data-element_type=\"column\" data-e-type=\"column\">\n\t\t\t<div class=\"elementor-widget-wrap elementor-element-populated\">\n\t\t\t\t\t\t<div class=\"elementor-element elementor-element-4a4653f elementor-widget elementor-widget-image\" data-id=\"4a4653f\" data-element_type=\"widget\" data-e-type=\"widget\" data-widget_type=\"image.default\">\n\t\t\t\t\t\t\t\t\t\t\t\t\t\t\t<img fetchpriority=\"high\" decoding=\"async\" width=\"780\" height=\"679\" src=\"https:\/\/auranda.ee\/wp-content\/uploads\/2025\/08\/About-our-company.png\" class=\"attachment-large size-large wp-image-582\" alt=\"\" srcset=\"https:\/\/auranda.ee\/wp-content\/uploads\/2025\/08\/About-our-company.png 780w, https:\/\/auranda.ee\/wp-content\/uploads\/2025\/08\/About-our-company-500x435.png 500w, https:\/\/auranda.ee\/wp-content\/uploads\/2025\/08\/About-our-company-300x261.png 300w, https:\/\/auranda.ee\/wp-content\/uploads\/2025\/08\/About-our-company-768x669.png 768w, https:\/\/auranda.ee\/wp-content\/uploads\/2025\/08\/About-our-company-86x75.png 86w, https:\/\/auranda.ee\/wp-content\/uploads\/2025\/08\/About-our-company-480x418.png 480w\" sizes=\"(max-width:767px) 480px, (max-width:780px) 100vw, 780px\" \/>\t\t\t\t\t\t\t\t\t\t\t\t\t\t\t<\/div>\n\t\t\t\t<div class=\"elementor-element elementor-element-619fc8b elementor-align-right elementor-mobile-align-center elementor-widget elementor-widget-button\" data-id=\"619fc8b\" data-element_type=\"widget\" data-e-type=\"widget\" data-widget_type=\"button.default\">\n\t\t\t\t\t\t\t\t\t\t<a class=\"elementor-button elementor-button-link elementor-size-sm\" href=\"https:\/\/auranda.ee\/et\/meie-teenused\/\">\n\t\t\t\t\t\t<span class=\"elementor-button-content-wrapper\">\n\t\t\t\t\t\t\t\t\t<span class=\"elementor-button-text\">VAATA K\u00d5IKI TEENUSEID<\/span>\n\t\t\t\t\t<\/span>\n\t\t\t\t\t<\/a>\n\t\t\t\t\t\t\t\t<\/div>\n\t\t\t\t\t<\/div>\n\t\t<\/div>\n\t\t\t\t\t<\/div>\n\t\t<\/section>\n\t\t\t\t\t<\/div>\n\t\t<\/div>\n\t\t\t\t\t<\/div>\n\t\t<\/section>\n\t\t\t\t<section class=\"elementor-section elementor-top-section elementor-element elementor-element-abb53e3 elementor-section-stretched elementor-section-boxed elementor-section-height-default elementor-section-height-default\" data-id=\"abb53e3\" data-element_type=\"section\" data-e-type=\"section\" data-settings=\"{&quot;stretch_section&quot;:&quot;section-stretched&quot;,&quot;background_background&quot;:&quot;classic&quot;}\">\n\t\t\t\t\t\t<div class=\"elementor-container elementor-column-gap-wider\">\n\t\t\t\t\t<div class=\"elementor-column elementor-col-100 elementor-top-column elementor-element elementor-element-7f83ea0\" data-id=\"7f83ea0\" data-element_type=\"column\" data-e-type=\"column\">\n\t\t\t<div class=\"elementor-widget-wrap elementor-element-populated\">\n\t\t\t\t\t\t<section class=\"elementor-section elementor-inner-section elementor-element elementor-element-54f5b4c elementor-section-content-middle elementor-section-boxed elementor-section-height-default elementor-section-height-default\" data-id=\"54f5b4c\" data-element_type=\"section\" data-e-type=\"section\">\n\t\t\t\t\t\t<div class=\"elementor-container elementor-column-gap-default\">\n\t\t\t\t\t<div class=\"elementor-column elementor-col-50 elementor-inner-column elementor-element elementor-element-15c2662\" data-id=\"15c2662\" data-element_type=\"column\" data-e-type=\"column\">\n\t\t\t<div class=\"elementor-widget-wrap elementor-element-populated\">\n\t\t\t\t\t\t<div class=\"elementor-element elementor-element-337109e elementor-widget elementor-widget-text-editor\" data-id=\"337109e\" data-element_type=\"widget\" data-e-type=\"widget\" data-widget_type=\"text-editor.default\">\n\t\t\t\t\t\t\t\t\t<h3><span style=\"color: #ffffff;\">Meie eelised<\/span><\/h3>\t\t\t\t\t\t\t\t<\/div>\n\t\t\t\t<div class=\"elementor-element elementor-element-6ee27c9 elementor-widget__width-initial e-transform elementor-widget elementor-widget-text-editor\" data-id=\"6ee27c9\" data-element_type=\"widget\" data-e-type=\"widget\" data-settings=\"{&quot;_transform_translateX_effect&quot;:{&quot;unit&quot;:&quot;px&quot;,&quot;size&quot;:0,&quot;sizes&quot;:[]},&quot;_transform_translateY_effect&quot;:{&quot;unit&quot;:&quot;px&quot;,&quot;size&quot;:0,&quot;sizes&quot;:[]},&quot;_transform_translateX_effect_tablet&quot;:{&quot;unit&quot;:&quot;px&quot;,&quot;size&quot;:&quot;&quot;,&quot;sizes&quot;:[]},&quot;_transform_translateX_effect_mobile&quot;:{&quot;unit&quot;:&quot;px&quot;,&quot;size&quot;:&quot;&quot;,&quot;sizes&quot;:[]},&quot;_transform_translateY_effect_tablet&quot;:{&quot;unit&quot;:&quot;px&quot;,&quot;size&quot;:&quot;&quot;,&quot;sizes&quot;:[]},&quot;_transform_translateY_effect_mobile&quot;:{&quot;unit&quot;:&quot;px&quot;,&quot;size&quot;:&quot;&quot;,&quot;sizes&quot;:[]}}\" data-widget_type=\"text-editor.default\">\n\t\t\t\t\t\t\t\t\t<p><\/p><p>Alates oma loomisest on Auranda Center arenenud innovaatiliste, tehnoloogiap\u00f5histe lahendustega, mis p\u00f5hinevad usaldusel ja j\u00e4tkusuutlikkusel. L\u00e4htudes p\u00fchendumusest kliendirahulolule, haldame laia valikut merendusteenuseid, tehnilisi tarvikuid, varuosi, hooldust, transiiditarneid ja kohandatud tuge \u2014 tagades, et laevad on alati t\u00e4ielikult varustatud ja valmis t\u00e4itma oma missiooni k\u00f5ikjal maailmas.<\/p><p><\/p>\t\t\t\t\t\t\t\t<\/div>\n\t\t\t\t\t<\/div>\n\t\t<\/div>\n\t\t\t\t<div class=\"elementor-column elementor-col-50 elementor-inner-column elementor-element elementor-element-f2939fd\" data-id=\"f2939fd\" data-element_type=\"column\" data-e-type=\"column\" data-settings=\"{&quot;background_background&quot;:&quot;classic&quot;}\">\n\t\t\t<div class=\"elementor-widget-wrap elementor-element-populated\">\n\t\t\t\t\t\t<div class=\"elementor-element elementor-element-d42faee elementor-widget elementor-widget-spacer\" data-id=\"d42faee\" data-element_type=\"widget\" data-e-type=\"widget\" data-widget_type=\"spacer.default\">\n\t\t\t\t\t\t\t<div class=\"elementor-spacer\">\n\t\t\t<div class=\"elementor-spacer-inner\"><\/div>\n\t\t<\/div>\n\t\t\t\t\t\t<\/div>\n\t\t\t\t<div class=\"elementor-element elementor-element-d7b015e e-transform elementor-widget elementor-widget-text-editor\" data-id=\"d7b015e\" data-element_type=\"widget\" data-e-type=\"widget\" data-settings=\"{&quot;_transform_translateX_effect&quot;:{&quot;unit&quot;:&quot;px&quot;,&quot;size&quot;:-41,&quot;sizes&quot;:[]},&quot;_transform_translateX_effect_mobile&quot;:{&quot;unit&quot;:&quot;px&quot;,&quot;size&quot;:-15,&quot;sizes&quot;:[]},&quot;_transform_translateY_effect_mobile&quot;:{&quot;unit&quot;:&quot;px&quot;,&quot;size&quot;:-17,&quot;sizes&quot;:[]},&quot;_transform_translateX_effect_tablet&quot;:{&quot;unit&quot;:&quot;px&quot;,&quot;size&quot;:&quot;&quot;,&quot;sizes&quot;:[]},&quot;_transform_translateY_effect&quot;:{&quot;unit&quot;:&quot;px&quot;,&quot;size&quot;:&quot;&quot;,&quot;sizes&quot;:[]},&quot;_transform_translateY_effect_tablet&quot;:{&quot;unit&quot;:&quot;px&quot;,&quot;size&quot;:&quot;&quot;,&quot;sizes&quot;:[]}}\" data-widget_type=\"text-editor.default\">\n\t\t\t\t\t\t\t\t\t<h5 class=\"themecolor\">Oleme tegutsenud laevavarustuse valdkonnas \u00fcle 23 aasta.<\/h5>\t\t\t\t\t\t\t\t<\/div>\n\t\t\t\t\t<\/div>\n\t\t<\/div>\n\t\t\t\t\t<\/div>\n\t\t<\/section>\n\t\t\t\t<div class=\"elementor-element elementor-element-df3e270 elementor-mobile-align-justify elementor-widget__width-initial e-transform elementor-widget elementor-widget-button\" data-id=\"df3e270\" data-element_type=\"widget\" data-e-type=\"widget\" data-settings=\"{&quot;_transform_translateX_effect&quot;:{&quot;unit&quot;:&quot;px&quot;,&quot;size&quot;:9,&quot;sizes&quot;:[]},&quot;_transform_translateX_effect_tablet&quot;:{&quot;unit&quot;:&quot;px&quot;,&quot;size&quot;:&quot;&quot;,&quot;sizes&quot;:[]},&quot;_transform_translateX_effect_mobile&quot;:{&quot;unit&quot;:&quot;px&quot;,&quot;size&quot;:&quot;&quot;,&quot;sizes&quot;:[]},&quot;_transform_translateY_effect&quot;:{&quot;unit&quot;:&quot;px&quot;,&quot;size&quot;:&quot;&quot;,&quot;sizes&quot;:[]},&quot;_transform_translateY_effect_tablet&quot;:{&quot;unit&quot;:&quot;px&quot;,&quot;size&quot;:&quot;&quot;,&quot;sizes&quot;:[]},&quot;_transform_translateY_effect_mobile&quot;:{&quot;unit&quot;:&quot;px&quot;,&quot;size&quot;:&quot;&quot;,&quot;sizes&quot;:[]}}\" data-widget_type=\"button.default\">\n\t\t\t\t\t\t\t\t\t\t<a class=\"elementor-button elementor-button-link elementor-size-sm\" href=\"https:\/\/auranda.ee\/et\/vota-meiega-uhendust\/\">\n\t\t\t\t\t\t<span class=\"elementor-button-content-wrapper\">\n\t\t\t\t\t\t\t\t\t<span class=\"elementor-button-text\">V\u00d5TA MEIEGA \u00dcHENDUST<\/span>\n\t\t\t\t\t<\/span>\n\t\t\t\t\t<\/a>\n\t\t\t\t\t\t\t\t<\/div>\n\t\t\t\t\t<\/div>\n\t\t<\/div>\n\t\t\t\t\t<\/div>\n\t\t<\/section>\n\t\t\t\t<\/div>\n\t\t","protected":false},"excerpt":{"rendered":"<p>Auranda Center: usaldusv\u00e4\u00e4rne \u00fclemaailmne laevade varustamise partner. Auranda Center pakub laevanduse jaoks terviklikke lahendusi, alates kaitseriietusest ja ohutusvarustusest kuni h\u00e4davajalike hooldust\u00f6\u00f6riistadeni. T\u00e4nu \u00fclemaailmsele logistika v\u00f5rgustikule ja<span class=\"excerpt-hellip\"> [\u2026]<\/span><\/p>\n","protected":false},"author":1,"featured_media":0,"parent":0,"menu_order":0,"comment_status":"open","ping_status":"closed","template":"","meta":{"footnotes":""},"class_list":["post-584","page","type-page","status-publish","hentry"],"yoast_head":"<!-- This site is optimized with the Yoast SEO plugin v27.3 - https:\/\/yoast.com\/product\/yoast-seo-wordpress\/ -->\n<title>MEIST - auranda<\/title>\n<meta name=\"robots\" content=\"noindex, follow, max-snippet:-1, max-image-preview:large, max-video-preview:-1\" \/>\n<meta property=\"og:locale\" content=\"et_EE\" \/>\n<meta property=\"og:type\" content=\"article\" \/>\n<meta property=\"og:title\" content=\"MEIST - auranda\" \/>\n<meta property=\"og:description\" content=\"Auranda Center: usaldusv\u00e4\u00e4rne \u00fclemaailmne laevade varustamise partner. Auranda Center pakub laevanduse jaoks terviklikke lahendusi, alates kaitseriietusest ja ohutusvarustusest kuni h\u00e4davajalike hooldust\u00f6\u00f6riistadeni. T\u00e4nu \u00fclemaailmsele logistika v\u00f5rgustikule ja [\u2026]\" \/>\n<meta property=\"og:url\" content=\"https:\/\/auranda.ee\/et\/meie-ettevottest\/\" \/>\n<meta property=\"og:site_name\" content=\"auranda\" \/>\n<meta property=\"article:modified_time\" content=\"2025-12-07T19:58:26+00:00\" \/>\n<meta property=\"og:image\" content=\"https:\/\/auranda.ee\/wp-content\/uploads\/2025\/08\/About-our-company.png\" \/>\n\t<meta property=\"og:image:width\" content=\"780\" \/>\n\t<meta property=\"og:image:height\" content=\"679\" \/>\n\t<meta property=\"og:image:type\" content=\"image\/png\" \/>\n<meta name=\"twitter:card\" content=\"summary_large_image\" \/>\n<meta name=\"twitter:label1\" content=\"Est. reading time\" \/>\n\t<meta name=\"twitter:data1\" content=\"1 minut\" \/>\n<script type=\"application\/ld+json\" class=\"yoast-schema-graph\">{\"@context\":\"https:\\\/\\\/schema.org\",\"@graph\":[{\"@type\":\"WebPage\",\"@id\":\"https:\\\/\\\/auranda.ee\\\/et\\\/meie-ettevottest\\\/\",\"url\":\"https:\\\/\\\/auranda.ee\\\/et\\\/meie-ettevottest\\\/\",\"name\":\"MEIST - auranda\",\"isPartOf\":{\"@id\":\"https:\\\/\\\/auranda.ee\\\/et\\\/#website\"},\"primaryImageOfPage\":{\"@id\":\"https:\\\/\\\/auranda.ee\\\/et\\\/meie-ettevottest\\\/#primaryimage\"},\"image\":{\"@id\":\"https:\\\/\\\/auranda.ee\\\/et\\\/meie-ettevottest\\\/#primaryimage\"},\"thumbnailUrl\":\"https:\\\/\\\/auranda.ee\\\/wp-content\\\/uploads\\\/2025\\\/08\\\/About-our-company.png\",\"datePublished\":\"2019-07-03T12:53:03+00:00\",\"dateModified\":\"2025-12-07T19:58:26+00:00\",\"breadcrumb\":{\"@id\":\"https:\\\/\\\/auranda.ee\\\/et\\\/meie-ettevottest\\\/#breadcrumb\"},\"inLanguage\":\"et\",\"potentialAction\":[{\"@type\":\"ReadAction\",\"target\":[\"https:\\\/\\\/auranda.ee\\\/et\\\/meie-ettevottest\\\/\"]}]},{\"@type\":\"ImageObject\",\"inLanguage\":\"et\",\"@id\":\"https:\\\/\\\/auranda.ee\\\/et\\\/meie-ettevottest\\\/#primaryimage\",\"url\":\"https:\\\/\\\/auranda.ee\\\/wp-content\\\/uploads\\\/2025\\\/08\\\/About-our-company.png\",\"contentUrl\":\"https:\\\/\\\/auranda.ee\\\/wp-content\\\/uploads\\\/2025\\\/08\\\/About-our-company.png\"},{\"@type\":\"BreadcrumbList\",\"@id\":\"https:\\\/\\\/auranda.ee\\\/et\\\/meie-ettevottest\\\/#breadcrumb\",\"itemListElement\":[{\"@type\":\"ListItem\",\"position\":1,\"name\":\"\u0413\u043b\u0430\u0432\u043d\u0430\u044f \u0441\u0442\u0440\u0430\u043d\u0438\u0446\u0430\",\"item\":\"https:\\\/\\\/auranda.ee\\\/et\\\/avaleht\\\/\"},{\"@type\":\"ListItem\",\"position\":2,\"name\":\"MEIST\"}]},{\"@type\":\"WebSite\",\"@id\":\"https:\\\/\\\/auranda.ee\\\/et\\\/#website\",\"url\":\"https:\\\/\\\/auranda.ee\\\/et\\\/\",\"name\":\"hdgraphicdesign\",\"description\":\"Ship technical supplies\",\"publisher\":{\"@id\":\"https:\\\/\\\/auranda.ee\\\/et\\\/#organization\"},\"potentialAction\":[{\"@type\":\"SearchAction\",\"target\":{\"@type\":\"EntryPoint\",\"urlTemplate\":\"https:\\\/\\\/auranda.ee\\\/et\\\/?s={search_term_string}\"},\"query-input\":{\"@type\":\"PropertyValueSpecification\",\"valueRequired\":true,\"valueName\":\"search_term_string\"}}],\"inLanguage\":\"et\"},{\"@type\":\"Organization\",\"@id\":\"https:\\\/\\\/auranda.ee\\\/et\\\/#organization\",\"name\":\"hdgraphicdesign\",\"url\":\"https:\\\/\\\/auranda.ee\\\/et\\\/\",\"logo\":{\"@type\":\"ImageObject\",\"inLanguage\":\"et\",\"@id\":\"https:\\\/\\\/auranda.ee\\\/et\\\/#\\\/schema\\\/logo\\\/image\\\/\",\"url\":\"https:\\\/\\\/auranda.ee\\\/wp-content\\\/uploads\\\/2025\\\/06\\\/cropped-HD2-scaled-1.png\",\"contentUrl\":\"https:\\\/\\\/auranda.ee\\\/wp-content\\\/uploads\\\/2025\\\/06\\\/cropped-HD2-scaled-1.png\",\"width\":512,\"height\":512,\"caption\":\"hdgraphicdesign\"},\"image\":{\"@id\":\"https:\\\/\\\/auranda.ee\\\/et\\\/#\\\/schema\\\/logo\\\/image\\\/\"}}]}<\/script>\n<!-- \/ Yoast SEO plugin. -->","yoast_head_json":{"title":"MEIST - auranda","robots":{"index":"noindex","follow":"follow","max-snippet":"max-snippet:-1","max-image-preview":"max-image-preview:large","max-video-preview":"max-video-preview:-1"},"og_locale":"et_EE","og_type":"article","og_title":"MEIST - auranda","og_description":"Auranda Center: usaldusv\u00e4\u00e4rne \u00fclemaailmne laevade varustamise partner. Auranda Center pakub laevanduse jaoks terviklikke lahendusi, alates kaitseriietusest ja ohutusvarustusest kuni h\u00e4davajalike hooldust\u00f6\u00f6riistadeni. T\u00e4nu \u00fclemaailmsele logistika v\u00f5rgustikule ja [\u2026]","og_url":"https:\/\/auranda.ee\/et\/meie-ettevottest\/","og_site_name":"auranda","article_modified_time":"2025-12-07T19:58:26+00:00","og_image":[{"width":780,"height":679,"url":"https:\/\/auranda.ee\/wp-content\/uploads\/2025\/08\/About-our-company.png","type":"image\/png"}],"twitter_card":"summary_large_image","twitter_misc":{"Est. reading time":"1 minut"},"schema":{"@context":"https:\/\/schema.org","@graph":[{"@type":"WebPage","@id":"https:\/\/auranda.ee\/et\/meie-ettevottest\/","url":"https:\/\/auranda.ee\/et\/meie-ettevottest\/","name":"MEIST - auranda","isPartOf":{"@id":"https:\/\/auranda.ee\/et\/#website"},"primaryImageOfPage":{"@id":"https:\/\/auranda.ee\/et\/meie-ettevottest\/#primaryimage"},"image":{"@id":"https:\/\/auranda.ee\/et\/meie-ettevottest\/#primaryimage"},"thumbnailUrl":"https:\/\/auranda.ee\/wp-content\/uploads\/2025\/08\/About-our-company.png","datePublished":"2019-07-03T12:53:03+00:00","dateModified":"2025-12-07T19:58:26+00:00","breadcrumb":{"@id":"https:\/\/auranda.ee\/et\/meie-ettevottest\/#breadcrumb"},"inLanguage":"et","potentialAction":[{"@type":"ReadAction","target":["https:\/\/auranda.ee\/et\/meie-ettevottest\/"]}]},{"@type":"ImageObject","inLanguage":"et","@id":"https:\/\/auranda.ee\/et\/meie-ettevottest\/#primaryimage","url":"https:\/\/auranda.ee\/wp-content\/uploads\/2025\/08\/About-our-company.png","contentUrl":"https:\/\/auranda.ee\/wp-content\/uploads\/2025\/08\/About-our-company.png"},{"@type":"BreadcrumbList","@id":"https:\/\/auranda.ee\/et\/meie-ettevottest\/#breadcrumb","itemListElement":[{"@type":"ListItem","position":1,"name":"\u0413\u043b\u0430\u0432\u043d\u0430\u044f \u0441\u0442\u0440\u0430\u043d\u0438\u0446\u0430","item":"https:\/\/auranda.ee\/et\/avaleht\/"},{"@type":"ListItem","position":2,"name":"MEIST"}]},{"@type":"WebSite","@id":"https:\/\/auranda.ee\/et\/#website","url":"https:\/\/auranda.ee\/et\/","name":"hdgraphicdesign","description":"Ship technical supplies","publisher":{"@id":"https:\/\/auranda.ee\/et\/#organization"},"potentialAction":[{"@type":"SearchAction","target":{"@type":"EntryPoint","urlTemplate":"https:\/\/auranda.ee\/et\/?s={search_term_string}"},"query-input":{"@type":"PropertyValueSpecification","valueRequired":true,"valueName":"search_term_string"}}],"inLanguage":"et"},{"@type":"Organization","@id":"https:\/\/auranda.ee\/et\/#organization","name":"hdgraphicdesign","url":"https:\/\/auranda.ee\/et\/","logo":{"@type":"ImageObject","inLanguage":"et","@id":"https:\/\/auranda.ee\/et\/#\/schema\/logo\/image\/","url":"https:\/\/auranda.ee\/wp-content\/uploads\/2025\/06\/cropped-HD2-scaled-1.png","contentUrl":"https:\/\/auranda.ee\/wp-content\/uploads\/2025\/06\/cropped-HD2-scaled-1.png","width":512,"height":512,"caption":"hdgraphicdesign"},"image":{"@id":"https:\/\/auranda.ee\/et\/#\/schema\/logo\/image\/"}}]}},"_links":{"self":[{"href":"https:\/\/auranda.ee\/et\/wp-json\/wp\/v2\/pages\/584","targetHints":{"allow":["GET"]}}],"collection":[{"href":"https:\/\/auranda.ee\/et\/wp-json\/wp\/v2\/pages"}],"about":[{"href":"https:\/\/auranda.ee\/et\/wp-json\/wp\/v2\/types\/page"}],"author":[{"embeddable":true,"href":"https:\/\/auranda.ee\/et\/wp-json\/wp\/v2\/users\/1"}],"replies":[{"embeddable":true,"href":"https:\/\/auranda.ee\/et\/wp-json\/wp\/v2\/comments?post=584"}],"version-history":[{"count":17,"href":"https:\/\/auranda.ee\/et\/wp-json\/wp\/v2\/pages\/584\/revisions"}],"predecessor-version":[{"id":919,"href":"https:\/\/auranda.ee\/et\/wp-json\/wp\/v2\/pages\/584\/revisions\/919"}],"wp:attachment":[{"href":"https:\/\/auranda.ee\/et\/wp-json\/wp\/v2\/media?parent=584"}],"curies":[{"name":"wp","href":"https:\/\/api.w.org\/{rel}","templated":true}]}}