{"id":941,"date":"2019-07-01T13:38:51","date_gmt":"2019-07-01T13:38:51","guid":{"rendered":"https:\/\/auranda.ee\/privaatsuspoliitika\/"},"modified":"2025-12-07T21:06:07","modified_gmt":"2025-12-07T21:06:07","slug":"privaatsuspoliitika","status":"publish","type":"page","link":"https:\/\/auranda.ee\/et\/privaatsuspoliitika\/","title":{"rendered":"Privaatsuspoliitika"},"content":{"rendered":"<p><strong>Meie veebisaidi aadress on: https:\/\/auranda.ee\/<\/strong><\/p>\n<p>See kirjeldab, kuidas Auranda Center OU t\u00f6\u00f6tleb klientide isikuandmeid. Me hoolime privaatsusest ja austame klientide \u00f5igust oma isikuandmete kaitsele. Me kogume ja t\u00f6\u00f6tleme ainult vajalikku teavet teie n\u00f5usolekul ning j\u00e4rgime Euroopa Liidu andmekaitse n\u00f5udeid. Oleme l\u00e4bipaistvad andmete kogumise ja kasutamise osas ning v\u00f5tame meetmeid nende turvalisuse tagamiseks.<\/p>\n<p><strong>Mis andmeid me kogume:<\/strong><\/p>\n<p>Peamiselt kogume teie isikuandmeid, et pakkuda teile koolitus- ja n\u00f5ustamisteenuseid ning klientide toe pakkumist. Andmete kogumine s\u00f5ltub teenustest, mida kasutate, ja v\u00f5ib olla otse teilt v\u00f5i automaatselt meie veebisaidi kaudu.<\/p>\n<p><strong>Kuidas me andmeid kasutame:<\/strong><\/p>\n<p>Kasutame teie isikuandmeid, et pakkuda teile meie teenuseid, vastata p\u00e4ringutele ja saata teile teavet. Samuti v\u00f5ime kasutada andmeid, et soovitada teile uusi tooteid v\u00f5i teenuseid, parandada oma veebisaidi toimimist ja anal\u00fc\u00fcsida selle kasutamist.<\/p>\n<p><strong>Teave, mida jagame:<\/strong><\/p>\n<p>Me ei jaga teie isikuandmeid kolmandate osapooltega, v\u00e4lja arvatud juhul, kui see on vajalik meie teenuste osutamiseks. agame, et meie partnerid j\u00e4rgivad k\u00f5rgeid turvastandardeid ja konfidentsiaalsuse n\u00f5udeid.<\/p>\n<p><strong>Teie isikuandmete turvalisus:<\/strong><\/p>\n<p>V\u00f5tame meetmeid, et tagada teie isikuandmete turvaline hoidmine ja kasutamine ning piirame nende juurdep\u00e4\u00e4su ainult vajalikele t\u00f6\u00f6tajatele ja esindajatele.<\/p>\n<p><strong>K\u00fcpsiste poliitika:<\/strong><\/p>\n<p>Kasutame k\u00fcpsiseid, et tagada meie veebisaidi sujuv toimimine ja parandada kasutajakogemust. K\u00fcpsiste kasutamisega j\u00e4tkates n\u00f5ustute nende kasutamisega.<\/p>\n<p><strong>Kuidas hallata k\u00fcpsiseid:<\/strong><\/p>\n<p>Saate k\u00fcpsiseid brauseris eemaldada v\u00f5i keelata vastavalt brauseri juhistele.<\/p>\n<p><strong>Poliitika muudatused:<\/strong><\/p>\n<p>V\u00f5ime aeg-ajalt muuta oma Privaatsuspoliitikat ja teavitame teid muudatustest meie veebisaidil.<\/p>\n<p><strong>Teie privaatsus\u00f5igused ja kontaktandmed:<\/strong><\/p>\n<p>Kui teil on k\u00fcsimusi v\u00f5i soovite oma isikuandmetega seotud k\u00fcsimustes meiega \u00fchendust v\u00f5tta, v\u00f5tke meiega \u00fchendust meie veebisaidil saadaolevate kontaktandmete kaudu.<\/p>\n<p>Informatsioon on uuendatud 22.05.2025<\/p>\n","protected":false},"excerpt":{"rendered":"<p>Meie veebisaidi aadress on: https:\/\/auranda.ee\/ See kirjeldab, kuidas Auranda Center OU t\u00f6\u00f6tleb klientide isikuandmeid. Me hoolime privaatsusest ja austame klientide \u00f5igust oma isikuandmete kaitsele. Me kogume<span class=\"excerpt-hellip\"> [\u2026]<\/span><\/p>\n","protected":false},"author":1,"featured_media":0,"parent":0,"menu_order":0,"comment_status":"open","ping_status":"open","template":"","meta":{"footnotes":""},"class_list":["post-941","page","type-page","status-publish","hentry"],"yoast_head":"<!-- This site is optimized with the Yoast SEO plugin v27.3 - https:\/\/yoast.com\/product\/yoast-seo-wordpress\/ -->\n<title>Privaatsuspoliitika - auranda<\/title>\n<meta name=\"robots\" content=\"noindex, follow, max-snippet:-1, max-image-preview:large, max-video-preview:-1\" \/>\n<meta property=\"og:locale\" content=\"et_EE\" \/>\n<meta property=\"og:type\" content=\"article\" \/>\n<meta property=\"og:title\" content=\"Privaatsuspoliitika - auranda\" \/>\n<meta property=\"og:description\" content=\"Meie veebisaidi aadress on: https:\/\/auranda.ee\/ See kirjeldab, kuidas Auranda Center OU t\u00f6\u00f6tleb klientide isikuandmeid. Me hoolime privaatsusest ja austame klientide \u00f5igust oma isikuandmete kaitsele. Me kogume [\u2026]\" \/>\n<meta property=\"og:url\" content=\"https:\/\/auranda.ee\/et\/privaatsuspoliitika\/\" \/>\n<meta property=\"og:site_name\" content=\"auranda\" \/>\n<meta property=\"article:modified_time\" content=\"2025-12-07T21:06:07+00:00\" \/>\n<meta name=\"twitter:card\" content=\"summary_large_image\" \/>\n<meta name=\"twitter:label1\" content=\"Est. reading time\" \/>\n\t<meta name=\"twitter:data1\" content=\"1 minut\" \/>\n<script type=\"application\/ld+json\" class=\"yoast-schema-graph\">{\"@context\":\"https:\\\/\\\/schema.org\",\"@graph\":[{\"@type\":\"WebPage\",\"@id\":\"https:\\\/\\\/auranda.ee\\\/et\\\/privaatsuspoliitika\\\/\",\"url\":\"https:\\\/\\\/auranda.ee\\\/et\\\/privaatsuspoliitika\\\/\",\"name\":\"Privaatsuspoliitika - auranda\",\"isPartOf\":{\"@id\":\"https:\\\/\\\/auranda.ee\\\/et\\\/#website\"},\"datePublished\":\"2019-07-01T13:38:51+00:00\",\"dateModified\":\"2025-12-07T21:06:07+00:00\",\"breadcrumb\":{\"@id\":\"https:\\\/\\\/auranda.ee\\\/et\\\/privaatsuspoliitika\\\/#breadcrumb\"},\"inLanguage\":\"et\",\"potentialAction\":[{\"@type\":\"ReadAction\",\"target\":[\"https:\\\/\\\/auranda.ee\\\/et\\\/privaatsuspoliitika\\\/\"]}]},{\"@type\":\"BreadcrumbList\",\"@id\":\"https:\\\/\\\/auranda.ee\\\/et\\\/privaatsuspoliitika\\\/#breadcrumb\",\"itemListElement\":[{\"@type\":\"ListItem\",\"position\":1,\"name\":\"\u0413\u043b\u0430\u0432\u043d\u0430\u044f \u0441\u0442\u0440\u0430\u043d\u0438\u0446\u0430\",\"item\":\"https:\\\/\\\/auranda.ee\\\/et\\\/avaleht\\\/\"},{\"@type\":\"ListItem\",\"position\":2,\"name\":\"Privaatsuspoliitika\"}]},{\"@type\":\"WebSite\",\"@id\":\"https:\\\/\\\/auranda.ee\\\/et\\\/#website\",\"url\":\"https:\\\/\\\/auranda.ee\\\/et\\\/\",\"name\":\"hdgraphicdesign\",\"description\":\"Ship technical supplies\",\"publisher\":{\"@id\":\"https:\\\/\\\/auranda.ee\\\/et\\\/#organization\"},\"potentialAction\":[{\"@type\":\"SearchAction\",\"target\":{\"@type\":\"EntryPoint\",\"urlTemplate\":\"https:\\\/\\\/auranda.ee\\\/et\\\/?s={search_term_string}\"},\"query-input\":{\"@type\":\"PropertyValueSpecification\",\"valueRequired\":true,\"valueName\":\"search_term_string\"}}],\"inLanguage\":\"et\"},{\"@type\":\"Organization\",\"@id\":\"https:\\\/\\\/auranda.ee\\\/et\\\/#organization\",\"name\":\"hdgraphicdesign\",\"url\":\"https:\\\/\\\/auranda.ee\\\/et\\\/\",\"logo\":{\"@type\":\"ImageObject\",\"inLanguage\":\"et\",\"@id\":\"https:\\\/\\\/auranda.ee\\\/et\\\/#\\\/schema\\\/logo\\\/image\\\/\",\"url\":\"https:\\\/\\\/auranda.ee\\\/wp-content\\\/uploads\\\/2025\\\/06\\\/cropped-HD2-scaled-1.png\",\"contentUrl\":\"https:\\\/\\\/auranda.ee\\\/wp-content\\\/uploads\\\/2025\\\/06\\\/cropped-HD2-scaled-1.png\",\"width\":512,\"height\":512,\"caption\":\"hdgraphicdesign\"},\"image\":{\"@id\":\"https:\\\/\\\/auranda.ee\\\/et\\\/#\\\/schema\\\/logo\\\/image\\\/\"}}]}<\/script>\n<!-- \/ Yoast SEO plugin. -->","yoast_head_json":{"title":"Privaatsuspoliitika - auranda","robots":{"index":"noindex","follow":"follow","max-snippet":"max-snippet:-1","max-image-preview":"max-image-preview:large","max-video-preview":"max-video-preview:-1"},"og_locale":"et_EE","og_type":"article","og_title":"Privaatsuspoliitika - auranda","og_description":"Meie veebisaidi aadress on: https:\/\/auranda.ee\/ See kirjeldab, kuidas Auranda Center OU t\u00f6\u00f6tleb klientide isikuandmeid. Me hoolime privaatsusest ja austame klientide \u00f5igust oma isikuandmete kaitsele. Me kogume [\u2026]","og_url":"https:\/\/auranda.ee\/et\/privaatsuspoliitika\/","og_site_name":"auranda","article_modified_time":"2025-12-07T21:06:07+00:00","twitter_card":"summary_large_image","twitter_misc":{"Est. reading time":"1 minut"},"schema":{"@context":"https:\/\/schema.org","@graph":[{"@type":"WebPage","@id":"https:\/\/auranda.ee\/et\/privaatsuspoliitika\/","url":"https:\/\/auranda.ee\/et\/privaatsuspoliitika\/","name":"Privaatsuspoliitika - auranda","isPartOf":{"@id":"https:\/\/auranda.ee\/et\/#website"},"datePublished":"2019-07-01T13:38:51+00:00","dateModified":"2025-12-07T21:06:07+00:00","breadcrumb":{"@id":"https:\/\/auranda.ee\/et\/privaatsuspoliitika\/#breadcrumb"},"inLanguage":"et","potentialAction":[{"@type":"ReadAction","target":["https:\/\/auranda.ee\/et\/privaatsuspoliitika\/"]}]},{"@type":"BreadcrumbList","@id":"https:\/\/auranda.ee\/et\/privaatsuspoliitika\/#breadcrumb","itemListElement":[{"@type":"ListItem","position":1,"name":"\u0413\u043b\u0430\u0432\u043d\u0430\u044f \u0441\u0442\u0440\u0430\u043d\u0438\u0446\u0430","item":"https:\/\/auranda.ee\/et\/avaleht\/"},{"@type":"ListItem","position":2,"name":"Privaatsuspoliitika"}]},{"@type":"WebSite","@id":"https:\/\/auranda.ee\/et\/#website","url":"https:\/\/auranda.ee\/et\/","name":"hdgraphicdesign","description":"Ship technical supplies","publisher":{"@id":"https:\/\/auranda.ee\/et\/#organization"},"potentialAction":[{"@type":"SearchAction","target":{"@type":"EntryPoint","urlTemplate":"https:\/\/auranda.ee\/et\/?s={search_term_string}"},"query-input":{"@type":"PropertyValueSpecification","valueRequired":true,"valueName":"search_term_string"}}],"inLanguage":"et"},{"@type":"Organization","@id":"https:\/\/auranda.ee\/et\/#organization","name":"hdgraphicdesign","url":"https:\/\/auranda.ee\/et\/","logo":{"@type":"ImageObject","inLanguage":"et","@id":"https:\/\/auranda.ee\/et\/#\/schema\/logo\/image\/","url":"https:\/\/auranda.ee\/wp-content\/uploads\/2025\/06\/cropped-HD2-scaled-1.png","contentUrl":"https:\/\/auranda.ee\/wp-content\/uploads\/2025\/06\/cropped-HD2-scaled-1.png","width":512,"height":512,"caption":"hdgraphicdesign"},"image":{"@id":"https:\/\/auranda.ee\/et\/#\/schema\/logo\/image\/"}}]}},"_links":{"self":[{"href":"https:\/\/auranda.ee\/et\/wp-json\/wp\/v2\/pages\/941","targetHints":{"allow":["GET"]}}],"collection":[{"href":"https:\/\/auranda.ee\/et\/wp-json\/wp\/v2\/pages"}],"about":[{"href":"https:\/\/auranda.ee\/et\/wp-json\/wp\/v2\/types\/page"}],"author":[{"embeddable":true,"href":"https:\/\/auranda.ee\/et\/wp-json\/wp\/v2\/users\/1"}],"replies":[{"embeddable":true,"href":"https:\/\/auranda.ee\/et\/wp-json\/wp\/v2\/comments?post=941"}],"version-history":[{"count":1,"href":"https:\/\/auranda.ee\/et\/wp-json\/wp\/v2\/pages\/941\/revisions"}],"predecessor-version":[{"id":942,"href":"https:\/\/auranda.ee\/et\/wp-json\/wp\/v2\/pages\/941\/revisions\/942"}],"wp:attachment":[{"href":"https:\/\/auranda.ee\/et\/wp-json\/wp\/v2\/media?parent=941"}],"curies":[{"name":"wp","href":"https:\/\/api.w.org\/{rel}","templated":true}]}}